{"id":112,"date":"2017-09-22T11:25:49","date_gmt":"2017-09-22T09:25:49","guid":{"rendered":"http:\/\/lukasadrian.net\/?page_id=112"},"modified":"2020-10-23T10:53:53","modified_gmt":"2020-10-23T08:53:53","slug":"vorbereitung","status":"publish","type":"page","link":"https:\/\/lukasadrian.net\/?page_id=112","title":{"rendered":"Vorbereitung"},"content":{"rendered":"<p><\/p>\n<h3><strong>Krankenversicherung:<\/strong><\/h3>\n<p>GKV kommt nicht in Frage, da zu teuer und au\u00dferhalb der EU es einem nichts bringt. Also muss eine AKV (Auslandskrankenverischerung) her.<br \/>\nAllerdings kann das Abmelden\/K\u00fcndigen gar nicht mal so einfach sein. Hier ein ausf\u00fchrlicher Bericht mit vielen n\u00fctzlichen Tipps: <a href=\"http:\/\/blog.spontanumdiewelt.de\/weltreise-planung-auslandskrankenversicherung-krankenkasse\/\">http:\/\/blog.spontanumdiewelt.de\/weltreise-planung-auslandskrankenversicherung-krankenkasse\/<\/a><br \/>\nIch habe mich f\u00fcr die Hanse Merkur Langzeit-Reiseversicherung entschieden.<\/p>\n<h3><strong>Arbeitsamt:<\/strong><\/h3>\n<p>Wenn man von der Weltreise zur\u00fcck ist und man nicht direkt ins Arbeitsleben einsteigen kann, hat man auch Anspruch auf Arbeitslosengeld. Einen guten uns ausf\u00fchrlichen Bericht findet man hier: <a href=\"http:\/\/blog.spontanumdiewelt.de\/job-kuendigen-weltreise-arbeitsamt-arbeitslos-melden\/\">http:\/\/blog.spontanumdiewelt.de\/job-kuendigen-weltreise-arbeitsamt-arbeitslos-melden\/<\/a><\/p>\n<h3><strong>Impfungen:<\/strong><\/h3>\n<p>Die Preise variieren sicherlich. Welche Impfungen von der eigenen Krankenkasse \u00fcbernommen wird, h\u00e4ngt von der KV ab.<\/p>\n<ul>\n<li>FSME (Zecken)<\/li>\n<li>Standardimipufngen (Tetanus, Diphtherie, Pertussis\/<span class=\"st\">Keuchhusten, Polio<\/span>)<\/li>\n<li>Tollwut (HDC inaktiv, die Impfung ist kaum lieferbar, ich habe keine erhalten k\u00f6nnen. Also sehr fr\u00fch dar\u00fcber informieren. Die Kosten betragen f\u00fcr 3 Impfungen ca. ab 200 EUR)<\/li>\n<li>Hepatitis A, B (Twinrix, 3 Impfungen f\u00fcr insgesamt ca. 165 EUR)<\/li>\n<li>Cholera (Dukoral, Schluckimpfung, kostet ca. ab 60 EUR)<\/li>\n<li>Typhus (Typhoral, 3 Kapseln f\u00fcr fast 30 EUR)<\/li>\n<\/ul>\n<h3><strong>Geld:<\/strong><\/h3>\n<p>Ich habe \u00fcber ca. zwei Jahre gespart, wobei das 2. sehr intensiv. Dennoch werde ich nicht jeden Tag in Restaurants essen k\u00f6nnen und in Luxus leben, daf\u00fcr h\u00e4tte ich noch lange sparen d\u00fcrfen.<br \/>\nIch besitze 2 Kreditkarten: <strong>Santander<\/strong>, <strong>DKB<\/strong> (Bitte beachtet, dass der Beitrag von 2018 ist, es hat sich inzwischen vieles ge\u00e4ndert, vor allem sind viele Vorteile der Santander nicht mehr da. Bitte also die u. a. links durchst\u00f6bern und auch selber schlau machen)<br \/>\n<strong>Santander<\/strong> hat den Vorteil, dass man weltweit kostenlos Geld abheben kann. Zur Sicherheit noch die <strong>DKB<\/strong>-Karte.<br \/>\nWeitere Infos \u00fcber <strong>Santander<\/strong> gibt es hier:\u00a0<a href=\"https:\/\/travel-dealz.de\/blog\/santander1plus-visa-kreditkarte\/\" target=\"_blank\" rel=\"noopener noreferrer\">https:\/\/travel-dealz.de\/blog\/santander1plus-visa-kreditkarte\/<\/a><\/p>\n<h3><strong>Sonstiges:<\/strong><\/h3>\n<p>Hinterlasst Vollmachten f\u00fcr alles m\u00f6gliche (\u00c4mter, Versicherungen, etc.), zur Not k\u00f6nnen die hilfreich sein. Ich muss noch z. B. meine Steuererkl\u00e4rung machen, nur wenn man nicht da ist, geht es halt nicht. Deshalb kann man mit einer Vollmacht jemand anderen damit beauftragen.<\/p>\n<p>F\u00fcr viele unangenehm, aber je nach pers. Situation k\u00f6nnte es wichtig sein: Das Testament<br \/>\nEs vereinfacht den Hinterbliebenen einiges.<\/p>","protected":false},"excerpt":{"rendered":"<p>Krankenversicherung: GKV kommt nicht in Frage, da zu teuer und au\u00dferhalb der EU es einem nichts bringt. Also muss eine AKV (Auslandskrankenverischerung) her. Allerdings kann das Abmelden\/K\u00fcndigen gar nicht mal so einfach sein. Hier ein ausf\u00fchrlicher Bericht mit vielen n\u00fctzlichen Tipps: http:\/\/blog.spontanumdiewelt.de\/weltreise-planung-auslandskrankenversicherung-krankenkasse\/ Ich habe mich f\u00fcr die Hanse Merkur Langzeit-Reiseversicherung entschieden. Arbeitsamt: Wenn man von [&hellip;]<\/p>\n","protected":false},"author":1,"featured_media":0,"parent":0,"menu_order":0,"comment_status":"closed","ping_status":"closed","template":"","meta":{"ngg_post_thumbnail":0,"footnotes":""},"class_list":["post-112","page","type-page","status-publish","hentry"],"_links":{"self":[{"href":"https:\/\/lukasadrian.net\/index.php?rest_route=\/wp\/v2\/pages\/112","targetHints":{"allow":["GET"]}}],"collection":[{"href":"https:\/\/lukasadrian.net\/index.php?rest_route=\/wp\/v2\/pages"}],"about":[{"href":"https:\/\/lukasadrian.net\/index.php?rest_route=\/wp\/v2\/types\/page"}],"author":[{"embeddable":true,"href":"https:\/\/lukasadrian.net\/index.php?rest_route=\/wp\/v2\/users\/1"}],"replies":[{"embeddable":true,"href":"https:\/\/lukasadrian.net\/index.php?rest_route=%2Fwp%2Fv2%2Fcomments&post=112"}],"version-history":[{"count":24,"href":"https:\/\/lukasadrian.net\/index.php?rest_route=\/wp\/v2\/pages\/112\/revisions"}],"predecessor-version":[{"id":4099,"href":"https:\/\/lukasadrian.net\/index.php?rest_route=\/wp\/v2\/pages\/112\/revisions\/4099"}],"wp:attachment":[{"href":"https:\/\/lukasadrian.net\/index.php?rest_route=%2Fwp%2Fv2%2Fmedia&parent=112"}],"curies":[{"name":"wp","href":"https:\/\/api.w.org\/{rel}","templated":true}]}}