{"id":32,"date":"2017-09-02T07:57:53","date_gmt":"2017-09-02T05:57:53","guid":{"rendered":"http:\/\/lukasadrian.net\/?page_id=32"},"modified":"2018-12-11T17:16:35","modified_gmt":"2018-12-11T16:16:35","slug":"ausruestung","status":"publish","type":"page","link":"https:\/\/lukasadrian.net\/?page_id=32","title":{"rendered":"Ausr\u00fcstung"},"content":{"rendered":"<p><\/p>\n<h2>Fahrrad:<\/h2>\n<p>&nbsp;<\/p>\n<table  class=\" table table-hover\" style=\"width: 80%;\">\n<tbody>\n<tr>\n<td style=\"width: 177px;\">Rahmen:<\/td>\n<td style=\"width: 276px;\">Intec M1<\/td>\n<\/tr>\n<tr>\n<td style=\"width: 177px;\">Bremsen:<\/td>\n<td style=\"width: 276px;\">Shimano XT V-Brake BR-T780<\/td>\n<\/tr>\n<tr>\n<td style=\"width: 177px;\">Bremsgriffe:<\/td>\n<td style=\"width: 276px;\">Shimano XT BL-T780-B<\/td>\n<\/tr>\n<tr>\n<td style=\"width: 177px;\">Steuersatz:<\/td>\n<td style=\"width: 276px;\">FSA The Pig DH Pro<\/td>\n<\/tr>\n<tr>\n<td style=\"width: 177px;\">Felgen:<\/td>\n<td style=\"width: 276px;\">Sputniks<\/td>\n<\/tr>\n<tr>\n<td style=\"width: 177px;\">Schaltung:<\/td>\n<td style=\"width: 276px;\">Shimano SLX<\/td>\n<\/tr>\n<tr>\n<td style=\"width: 177px;\">Innenlager<\/td>\n<td style=\"width: 276px;\">BB-MT800 Hollowtech II<\/td>\n<\/tr>\n<tr>\n<td style=\"width: 177px;\">Nabendynamo:<\/td>\n<td style=\"width: 276px;\">SON 28 + Forumslader<\/td>\n<\/tr>\n<tr>\n<td style=\"width: 177px;\">Reifen:<\/td>\n<td style=\"width: 276px;\">Schwalbe Marathon Mondial Evolution<\/td>\n<\/tr>\n<tr>\n<td style=\"width: 177px;\">Schlauch:<\/td>\n<td style=\"width: 276px;\">Schwalbe<\/td>\n<\/tr>\n<tr>\n<td style=\"width: 177px;\">Lenker:<\/td>\n<td style=\"width: 276px;\">Billigteil<\/td>\n<\/tr>\n<tr>\n<td style=\"width: 177px;\">Sattelst\u00fctze:<\/td>\n<td style=\"width: 276px;\">eine billige<\/td>\n<\/tr>\n<tr>\n<td style=\"width: 177px;\">Sattel:<\/td>\n<td style=\"width: 276px;\">Brooks<\/td>\n<\/tr>\n<tr>\n<td style=\"width: 177px;\">Gep\u00e4cktr\u00e4ger:<\/td>\n<td style=\"width: 276px;\">tubus Tara und tubus Logo Goldline<\/td>\n<\/tr>\n<tr>\n<td style=\"width: 177px;\">Taschen (vorne):<\/td>\n<td style=\"width: 276px;\">Ortlieb Sport Roller Classic F6302<\/td>\n<\/tr>\n<tr>\n<td style=\"width: 177px;\">Taschen (hinten):<\/td>\n<td style=\"width: 276px;\">Ortlieb Back Roller Pro Classic 5352<\/td>\n<\/tr>\n<tr>\n<td style=\"width: 177px;\">Packsack:<\/td>\n<td style=\"width: 276px;\">Ortlieb (35 Liter) K5352<\/td>\n<\/tr>\n<tr>\n<td style=\"width: 177px;\">Satteltasche:<\/td>\n<td style=\"width: 276px;\">Ortlieb ULTIMATE6 PLUS F3161<\/td>\n<\/tr>\n<\/tbody>\n<\/table>\n<p>https:\/\/www.flickr.com\/photos\/lukas-adrian\/26872901578\/in\/album-72157691314431452\/<\/p>\n<h2>Schlafzimmer:<\/h2>\n<table  class=\" table table-hover\" style=\"width: 80%;\">\n<tbody>\n<tr>\n<td style=\"width: 177px;\">Schlafsack:<\/td>\n<td style=\"width: 276px;\">Forclaz 0\u00b0C<\/td>\n<\/tr>\n<tr>\n<td style=\"width: 177px;\">Iso-Matte:<\/td>\n<td style=\"width: 276px;\"><a href=\"http:\/\/www.outdoorer.net\/produkte\/selbstaufblasende-isomatten\/trek-bed-iii-selbstaufblasende-isomatte-mit-mehr-komfort\/\" target=\"_blank\" rel=\"noopener\">Outdoorer Trek Bed 3<\/a><\/td>\n<\/tr>\n<tr>\n<td style=\"width: 177px;\">Zelt:<\/td>\n<td style=\"width: 276px;\">Falcon 2 green, derzeit NatureHike Cycling ultralight silicone one man tent<\/td>\n<\/tr>\n<tr>\n<td style=\"width: 177px;\">H\u00e4ngematte:<\/td>\n<td style=\"width: 276px;\">NatureFun<\/td>\n<\/tr>\n<tr>\n<td style=\"width: 177px;\">Decke:<\/td>\n<td style=\"width: 276px;\">Pocket Blanket<\/td>\n<\/tr>\n<\/tbody>\n<\/table>\n<h2>Kleiderschrank:<\/h2>\n<ul>\n<li>5 atmungsaktive Shirts + Shirts ohne \u00c4rmel<\/li>\n<li>1 Freizeithemd<\/li>\n<li>Sporthose (lang)<\/li>\n<li>3 kurze Hosen<\/li>\n<li>Schlauchtuch<\/li>\n<li>Unterw\u00e4sche, ein wenig<\/li>\n<li>Fleecejacke<\/li>\n<li>Regenhose<\/li>\n<li>Regenjacke<\/li>\n<li>M\u00fctze<\/li>\n<li>Handschuhe<\/li>\n<li>Helm<\/li>\n<li>Sommerschuhe<\/li>\n<li>warme Schuhe<\/li>\n<li>Sonnenbrille<\/li>\n<\/ul>\n<h2>Medizin:<\/h2>\n<p>Von Medizin habe ich keine Ahnzung. Ich nehme Sachen mit, die mir empfohlen\/gegeben wurden (inzwischen habe ich alles verschenkt) .<\/p>\n<ul>\n<li>Kohletabellen oder so \u00e4hnlich Magen-Darm-Erkrankungen<\/li>\n<li>Antibiotika gegen Fieber<\/li>\n<li>Tigerbalsam gegen Muskelprobleme<\/li>\n<li>Schmerztabelleten gegen ja, Schmerzen halt<\/li>\n<li>was gegen Malaria oder so<\/li>\n<li>Nasenspray gegen Schnupfen, glaube ich<\/li>\n<li>etwas um Wasser zu desinfizieren<\/li>\n<li>Desinfektionsmittel<\/li>\n<\/ul>\n<h2>Badezimmer:<\/h2>\n<ul>\n<li>Zahnb\u00fcrste, -Pasta und Seide<\/li>\n<li>Verband, Pflaster<\/li>\n<li>kleine Pinzette, Schere<\/li>\n<li>Haarb\u00fcrste<\/li>\n<li>2 Microfaser Handt\u00fccher (klein und gro\u00df)<\/li>\n<li><del>Duschgel<\/del> Naturseife<\/li>\n<li>Sonnencreme<\/li>\n<li>Feuchtigkeitst\u00fccher<\/li>\n<\/ul>\n<h2>K\u00fcche:<\/h2>\n<table  class=\" table table-hover\" style=\"width: 80%;\">\n<tbody>\n<tr>\n<td style=\"width: 177px;\">Kocher:<\/td>\n<td style=\"width: 276px;\">MSR Whisperlite Universal Combo &#8211; Hybridkocher -&gt; DEFEKT, Reperatur ben\u00f6tigt<\/td>\n<\/tr>\n<tr>\n<td style=\"width: 177px;\">Topf:<\/td>\n<td style=\"width: 276px;\">MSR Edelstahltopf Alpine StowAway Pot<\/td>\n<\/tr>\n<tr>\n<td style=\"width: 177px;\">Besteck:<\/td>\n<td style=\"width: 276px;\">Gabel, L\u00f6ffel, Allzweck-Messer<\/td>\n<\/tr>\n<tr>\n<td style=\"width: 177px;\">sonstiges:<\/td>\n<td style=\"width: 276px;\">bisschen Gew\u00fcrze, Becher, etc.<\/td>\n<\/tr>\n<\/tbody>\n<\/table>\n<h2>Spielzeuge:<\/h2>\n<ul>\n<li><del>Laptop (f\u00fcr die Internseite, skype, etc.)<\/del> komplett auf Smartphone umgestiegen<\/li>\n<li>MP3 Player + Lautsprecher (f\u00fcr die Fahrt)<\/li>\n<li>Smartphone (Navigation mit Komoot und MapsMe, Hostels, couchsurfing, skype etc.)<\/li>\n<li>Mobiltelefon (Telefonieren)<\/li>\n<li>Stromsteckeradapter<\/li>\n<li>Fotoaparat Panasonic FZ72<\/li>\n<li>ActionCam JEEMAK<\/li>\n<\/ul>\n<p><\/p>","protected":false},"excerpt":{"rendered":"<p>Fahrrad: &nbsp; Rahmen: Intec M1 Bremsen: Shimano XT V-Brake BR-T780 Bremsgriffe: Shimano XT BL-T780-B Steuersatz: FSA The Pig DH Pro Felgen: Sputniks Schaltung: Shimano SLX Innenlager BB-MT800 Hollowtech II Nabendynamo: SON 28 + Forumslader Reifen: Schwalbe Marathon Mondial Evolution Schlauch: Schwalbe Lenker: Billigteil Sattelst\u00fctze: eine billige Sattel: Brooks Gep\u00e4cktr\u00e4ger: tubus Tara und tubus Logo Goldline [&hellip;]<\/p>\n","protected":false},"author":1,"featured_media":0,"parent":0,"menu_order":0,"comment_status":"closed","ping_status":"closed","template":"","meta":{"ngg_post_thumbnail":0,"footnotes":""},"class_list":["post-32","page","type-page","status-publish","hentry"],"_links":{"self":[{"href":"https:\/\/lukasadrian.net\/index.php?rest_route=\/wp\/v2\/pages\/32","targetHints":{"allow":["GET"]}}],"collection":[{"href":"https:\/\/lukasadrian.net\/index.php?rest_route=\/wp\/v2\/pages"}],"about":[{"href":"https:\/\/lukasadrian.net\/index.php?rest_route=\/wp\/v2\/types\/page"}],"author":[{"embeddable":true,"href":"https:\/\/lukasadrian.net\/index.php?rest_route=\/wp\/v2\/users\/1"}],"replies":[{"embeddable":true,"href":"https:\/\/lukasadrian.net\/index.php?rest_route=%2Fwp%2Fv2%2Fcomments&post=32"}],"version-history":[{"count":47,"href":"https:\/\/lukasadrian.net\/index.php?rest_route=\/wp\/v2\/pages\/32\/revisions"}],"predecessor-version":[{"id":728,"href":"https:\/\/lukasadrian.net\/index.php?rest_route=\/wp\/v2\/pages\/32\/revisions\/728"}],"wp:attachment":[{"href":"https:\/\/lukasadrian.net\/index.php?rest_route=%2Fwp%2Fv2%2Fmedia&parent=32"}],"curies":[{"name":"wp","href":"https:\/\/api.w.org\/{rel}","templated":true}]}}