{"id":66,"date":"2017-09-04T19:53:59","date_gmt":"2017-09-04T17:53:59","guid":{"rendered":"http:\/\/lukasadrian.net\/?page_id=66"},"modified":"2020-12-09T08:59:19","modified_gmt":"2020-12-09T07:59:19","slug":"links","status":"publish","type":"page","link":"https:\/\/lukasadrian.net\/?page_id=66","title":{"rendered":"Links"},"content":{"rendered":"<p><\/p>\n<ul>\n<li>Reisetageb\u00fccher aus meinen ersten kleinen Reisen (Fahrrad, Tretroller, zu Fu\u00df):<br \/>\n<a href=\"http:\/\/www.sikoraproject.eu\" target=\"_blank\" rel=\"noopener noreferrer\">www.sikoraproject.eu<\/a><\/li>\n<li>Mein Blog-Artikel \u00fcber meine Tretroller-Tour:<br \/>\n<a href=\"http:\/\/www.outdoorer.net\/durchs-baltikum-reisen-estland-lettland-litauen\/\" target=\"_blank\" rel=\"noopener noreferrer\">http:\/\/www.outdoorer.net\/durchs-baltikum-reisen-estland-lettland-litauen\/<\/a><\/li>\n<li>WAZ-Artikel \u00fcber meine Reise:<br \/>\n<a href=\"https:\/\/www.waz.de\/staedte\/herne-wanne-eickel\/herner-geht-auf-weltreise-mit-seinem-fahrrad-id213898859.html\">https:\/\/www.waz.de\/staedte\/herne-wanne-eickel\/herner-geht-auf-weltreise-mit-seinem-fahrrad-id213898859.html<\/a> (Wer den kostenlos sehen m\u00f6chte, google bilder mit der \u00dcberschrift k\u00f6nnten dabei helfen)<\/li>\n<li>WDR-Bericht:<br \/>\n<a href=\"https:\/\/www.youtube.com\/watch?v=IWl4kHXk9m4&amp;list\">https:\/\/www.youtube.com\/watch?v=IWl4kHXk9m4<\/a><\/li>\n<li>Stadtwerke Magazin:<br \/>\n<a href=\"https:\/\/meine.stadtwerke-witten.de\/locale_article\/auf-dem-rad-um-die-welt\/\">https:\/\/meine.stadtwerke-witten.de\/locale_article\/auf-dem-rad-um-die-welt\/<\/a><\/li>\n<li>WDR Serie &#8222;PottOnTour&#8220;:<br \/>\n<a href=\"https:\/\/www.youtube.com\/watch?v=9xKUnkItAO0\" rel=\"noopener\" target=\"_blank\">https:\/\/www.youtube.com\/watch?v=9xKUnkItAO0<\/a><\/li>\n<\/ul>\n<p><\/p>","protected":false},"excerpt":{"rendered":"<p>Reisetageb\u00fccher aus meinen ersten kleinen Reisen (Fahrrad, Tretroller, zu Fu\u00df): www.sikoraproject.eu Mein Blog-Artikel \u00fcber meine Tretroller-Tour: http:\/\/www.outdoorer.net\/durchs-baltikum-reisen-estland-lettland-litauen\/ WAZ-Artikel \u00fcber meine Reise: https:\/\/www.waz.de\/staedte\/herne-wanne-eickel\/herner-geht-auf-weltreise-mit-seinem-fahrrad-id213898859.html (Wer den kostenlos sehen m\u00f6chte, google bilder mit der \u00dcberschrift k\u00f6nnten dabei helfen) WDR-Bericht: https:\/\/www.youtube.com\/watch?v=IWl4kHXk9m4 Stadtwerke Magazin: https:\/\/meine.stadtwerke-witten.de\/locale_article\/auf-dem-rad-um-die-welt\/ WDR Serie &#8222;PottOnTour&#8220;: https:\/\/www.youtube.com\/watch?v=9xKUnkItAO0<\/p>\n","protected":false},"author":1,"featured_media":0,"parent":0,"menu_order":0,"comment_status":"closed","ping_status":"closed","template":"","meta":{"ngg_post_thumbnail":0,"footnotes":""},"class_list":["post-66","page","type-page","status-publish","hentry"],"_links":{"self":[{"href":"https:\/\/lukasadrian.net\/index.php?rest_route=\/wp\/v2\/pages\/66","targetHints":{"allow":["GET"]}}],"collection":[{"href":"https:\/\/lukasadrian.net\/index.php?rest_route=\/wp\/v2\/pages"}],"about":[{"href":"https:\/\/lukasadrian.net\/index.php?rest_route=\/wp\/v2\/types\/page"}],"author":[{"embeddable":true,"href":"https:\/\/lukasadrian.net\/index.php?rest_route=\/wp\/v2\/users\/1"}],"replies":[{"embeddable":true,"href":"https:\/\/lukasadrian.net\/index.php?rest_route=%2Fwp%2Fv2%2Fcomments&post=66"}],"version-history":[{"count":15,"href":"https:\/\/lukasadrian.net\/index.php?rest_route=\/wp\/v2\/pages\/66\/revisions"}],"predecessor-version":[{"id":4106,"href":"https:\/\/lukasadrian.net\/index.php?rest_route=\/wp\/v2\/pages\/66\/revisions\/4106"}],"wp:attachment":[{"href":"https:\/\/lukasadrian.net\/index.php?rest_route=%2Fwp%2Fv2%2Fmedia&parent=66"}],"curies":[{"name":"wp","href":"https:\/\/api.w.org\/{rel}","templated":true}]}}