{"id":82,"date":"2017-09-04T20:37:57","date_gmt":"2017-09-04T18:37:57","guid":{"rendered":"http:\/\/lukasadrian.net\/?page_id=82"},"modified":"2020-06-01T05:29:00","modified_gmt":"2020-06-01T03:29:00","slug":"spende","status":"publish","type":"page","link":"https:\/\/lukasadrian.net\/?page_id=82","title":{"rendered":"Spende"},"content":{"rendered":"<p>Das Geld was hier gespendet wird, davon kaufen wir Essen und spenden es pers\u00f6nlich an die wirklich \u00e4rmsten.<\/p>\n<p>F\u00fcr JEDE Hilfe bin ich dankbar und Jeder Beitrag ist wirklich sehr hilfreich.<\/p>\n<p>Siehe <a href=\"https:\/\/lukasadrian.net\/?p=4033\">https:\/\/lukasadrian.net\/?p=4033<\/a><\/p>\n<p>Lukasz Sikora<br \/>\nIBAN: DE22 1203 0000 1015 4583 99<br \/>\nBIC: BYLADEM1001<br \/>\nBetreff: Spende<\/p>\n<p>Geldspenden auch \u00fcber paypal \ud83d\ude42<br \/>\n<strong>DANKE SCHON MAL!!!<\/strong><\/p>\n<p>PAYPAL-Adresse: <style type=\"text\/css\">#AnythingPopup_BoxContainer1\t{width:200px;height:100px;max-width:80%;background:#FFFFFF;border:1px solid #4D4D4D;padding:0;position:fixed;z-index:99999;cursor:default;-moz-border-radius: 10px;-webkit-border-radius: 10px;-khtml-border-radius: 10px;border-radius: 10px;   display:none;} #AnythingPopup_BoxContainerHeader1 {height:30px;background:#4D4D4D;border-top-right-radius:10px;-moz-border-radius-topright:10px;-webkit-border-top-right-radius:10px;-khtml-border-top-right-radius: 10px;border-top-left-radius:10px;-moz-border-radius-topleft:10px;-webkit-border-top-left-radius:10px;-khtml-border-top-left-radius: 10px;} #AnythingPopup_BoxContainerHeader1 a {color:#FFFFFF;font-family:Verdana,Arial;font-size:10pt;font-weight:bold;} #AnythingPopup_BoxTitle1 {float:left; margin:5px;color:#FFFFFF;font-family:Verdana,Arial;font-size:12pt;font-weight:bold;} #AnythingPopup_BoxClose1 {float:right;width:50px;margin:5px;} #AnythingPopup_BoxContainerBody1 {margin:10px;overflow:auto;height:40px;} #AnythingPopup_BoxContainerFooter1 {position: fixed;top:0;left:0;bottom:0;right:0;opacity: .3;-moz-opacity: .3;filter: alpha(opacity=30);z-index:999;display:none;} <\/style><a href='javascript:AnythingPopup_OpenForm(\"AnythingPopup_BoxContainer1\",\"AnythingPopup_BoxContainerBody1\",\"AnythingPopup_BoxContainerFooter1\",\"200\",\"100\");'>show email<\/a><div style=\"display: none;\" id=\"AnythingPopup_BoxContainer1\"><div id=\"AnythingPopup_BoxContainerHeader1\"><div id=\"AnythingPopup_BoxTitle1\">PayPal E-Mail<\/div><div id=\"AnythingPopup_BoxClose1\"><a href=\"javascript:AnythingPopup_HideForm('AnythingPopup_BoxContainer1','AnythingPopup_BoxContainerFooter1');\">Close<\/a><\/div><\/div><div id=\"AnythingPopup_BoxContainerBody1\">lukasadrian@mail.de<\/div><\/div><div style=\"display: none;\" id=\"AnythingPopup_BoxContainerFooter1\"><\/div><\/p>","protected":false},"excerpt":{"rendered":"<p>Das Geld was hier gespendet wird, davon kaufen wir Essen und spenden es pers\u00f6nlich an die wirklich \u00e4rmsten. F\u00fcr JEDE Hilfe bin ich dankbar und Jeder Beitrag ist wirklich sehr hilfreich. Siehe https:\/\/lukasadrian.net\/?p=4033 Lukasz Sikora IBAN: DE22 1203 0000 1015 4583 99 BIC: BYLADEM1001 Betreff: Spende Geldspenden auch \u00fcber paypal \ud83d\ude42 DANKE SCHON MAL!!! PAYPAL-Adresse:<\/p>\n","protected":false},"author":1,"featured_media":0,"parent":0,"menu_order":0,"comment_status":"closed","ping_status":"closed","template":"","meta":{"ngg_post_thumbnail":0,"footnotes":""},"class_list":["post-82","page","type-page","status-publish","hentry"],"_links":{"self":[{"href":"https:\/\/lukasadrian.net\/index.php?rest_route=\/wp\/v2\/pages\/82","targetHints":{"allow":["GET"]}}],"collection":[{"href":"https:\/\/lukasadrian.net\/index.php?rest_route=\/wp\/v2\/pages"}],"about":[{"href":"https:\/\/lukasadrian.net\/index.php?rest_route=\/wp\/v2\/types\/page"}],"author":[{"embeddable":true,"href":"https:\/\/lukasadrian.net\/index.php?rest_route=\/wp\/v2\/users\/1"}],"replies":[{"embeddable":true,"href":"https:\/\/lukasadrian.net\/index.php?rest_route=%2Fwp%2Fv2%2Fcomments&post=82"}],"version-history":[{"count":15,"href":"https:\/\/lukasadrian.net\/index.php?rest_route=\/wp\/v2\/pages\/82\/revisions"}],"predecessor-version":[{"id":4092,"href":"https:\/\/lukasadrian.net\/index.php?rest_route=\/wp\/v2\/pages\/82\/revisions\/4092"}],"wp:attachment":[{"href":"https:\/\/lukasadrian.net\/index.php?rest_route=%2Fwp%2Fv2%2Fmedia&parent=82"}],"curies":[{"name":"wp","href":"https:\/\/api.w.org\/{rel}","templated":true}]}}